{"id":166,"date":"2013-02-08T20:53:43","date_gmt":"2013-02-08T18:53:43","guid":{"rendered":"http:\/\/kunstunddesign-maschue.de\/cms\/?page_id=166"},"modified":"2021-07-18T11:29:54","modified_gmt":"2021-07-18T09:29:54","slug":"impressum","status":"publish","type":"page","link":"http:\/\/kunstunddesign-maschue.de\/cms\/?page_id=166","title":{"rendered":"Impressum"},"content":{"rendered":"<p>Betreiber der Webseite:<\/p>\n<p>Kunst &amp; Design<br \/>\nManuela Sch\u00fcller<\/p>\n<p>Am Heiligen 68<br \/>\n98663 Heldburg OT Rieth<br \/>\nTel.: 03 68 71 &#8211; 3 08 95<br \/>\ninfo ( at) kunstunddesign \u2013 maschue . (DE)<\/p>\n<p>Steuernummer: 170\/272\/02802<\/p>\n<p>Alle Bilder sind Eigentum von Manuela Sch\u00fcller. Sie unterliegen dem Urheberrecht und jede Weiterverwendung ohne ausdr\u00fcckliche schriftliche Genehmigung ist unzul\u00e4ssig. Alle Rechte vorbehalten.<\/p>\n<h2>Design und technische Umsetzung<\/h2>\n<p><a title=\"Bernd Schreiner\" href=\"http:\/\/www.berndschreiner.de\">Vertrieb &amp; Betreuung elektronischer Medien<\/a><br \/>\nDipl.-Ing. (FH) Bernd Schreiner<\/p>\n<p>Hauptstra\u00dfe 106<br \/>\n98663 Westhausen<\/p>\n<h2>Datenschutz<\/h2>\n<p>Diese Webseite erhebt und speichert automatisch Informationen, die Ihr Browser an uns \u00fcbermittelt. Dies sind:<\/p>\n<p>* Browsertyp\/ -version<br \/>\n* verwendetes Betriebssystem<br \/>\n* Referrer URL (die zuvor besuchte Seite)<br \/>\n* Hostname des zugreifenden Rechners (IP Adresse)<br \/>\n* Uhrzeit der Serveranfrage.<\/p>\n<p>Diese Daten sind f\u00fcr den Betreiber dieser Webseite nicht bestimmten Personen zuordenbar. Eine Zusammenf\u00fchrung dieser Daten mit anderen Datenquellen wird nicht vorgenommen, die Daten werden zudem nach einer statistischen Auswertung gel\u00f6scht.<\/p>\n<p>Die Erhebung dieser Daten erfolgt in erster Linie zu statistischen Zwecken und bei eventuellen unzul\u00e4ssigen Zugriffen diese zu protokollieren und nachvollziehn zu k\u00f6nnen. Die Daten werden nach sp\u00e4testens 3 Monaten wieder gel\u00f6scht.<\/p>\n<p>Cookies<\/p>\n<p>Die Internetseiten verwenden an mehreren Stellen so genannte Cookies. Sie dienen dazu, unser Angebot nutzerfreundlicher, effektiver und sicherer zu machen. Cookies sind kleine Textdateien, die auf Ihrem Rechner abgelegt werden und die Ihr Browser speichert. Die meisten der von uns verwendeten Cookies sind so genannte \u201eSession-Cookies\u201c. Sie werden nach Ende Ihres Besuchs automatisch gel\u00f6scht, alle anderen k\u00f6nnen Sie manuell in ihrem Browser l\u00f6schen. Eine Hilfestellung dazu finden Sie normalerweise in den FAQs zu Ihrem Browser.<\/p>\n<p>Auskunftsrecht<\/p>\n<p>Sie haben jederzeit das Recht auf Auskunft \u00fcber die bez\u00fcglich Ihrer Person gespeicherten Daten, deren Herkunft und Empf\u00e4nger sowie den Zweck der Speicherung.<\/p>\n<p>Angebote Dritter<\/p>\n<p>Auf dieser Webseite werden zudem Links zu anderen Anbietern eingebunden und automatische Scripte die die o.g. Daten auch an Firmen au\u00dferhalb der europ\u00e4ischen Datenschutzregeln \u00fcbermitteln k\u00f6nnen. Auch f\u00fchren Produktlinks zum Teil zu anderen Anbieter und sind teilweise durch ein Provisionsmodell mit externen Anbietern verbunden.<\/p>\n<p>Wir greifen auf Drittanbieter zur\u00fcck, um Anzeigen zu schalten, wenn Sie unsere Website besuchen. Diese Unternehmen nutzen m\u00f6glicherweise Informationen (dies schlie\u00dft nicht Ihren Namen, Ihre Adresse, E-Mail-Adresse oder Telefonnummer ein) zu Ihren Besuchen dieser und anderer Websites, damit Anzeigen zu Produkten und Diensten geschaltet werden k\u00f6nnen, die Sie interessieren.<\/p>\n<p>Weitere Informationen<\/p>\n<p>Ihr Vertrauen ist uns wichtig. Daher m\u00f6chten wir Ihnen jederzeit Rede und Antwort bez\u00fcglich der Verarbeitung Ihrer personenbezogenen Daten stehen. Wenn Sie Fragen haben, die Ihnen diese Datenschutzerkl\u00e4rung nicht beantworten konnte oder wenn Sie zu einem Punkt vertiefte Informationen w\u00fcnschen, wenden Sie sich bitte direkt an uns.<\/p>\n<p>Informationen zum Datenschutzrecht finden Sie hier:\u00a0<a href=\"http:\/\/bundesrecht.juris.de\/bdsg_1990\/index.html\">http:\/\/bundesrecht.juris.de\/bdsg_1990\/index.html<\/a><\/p>\n<div class=\"twoclick_social_bookmarks_post_166 social_share_privacy clearfix 1.6.4 locale-de_DE sprite-de_DE\"><\/div><div class=\"twoclick-js\"><script type=\"text\/javascript\">\/* <![CDATA[ *\/\njQuery(document).ready(function($){if($('.twoclick_social_bookmarks_post_166')){$('.twoclick_social_bookmarks_post_166').socialSharePrivacy({\"services\":{\"facebook\":{\"status\":\"on\",\"txt_info\":\"2 Klicks f\\u00fcr mehr Datenschutz: Erst wenn Sie hier klicken, wird der Button aktiv und Sie k\\u00f6nnen Ihre Empfehlung an Facebook senden. Schon beim Aktivieren werden Daten an Dritte \\u00fcbertragen - siehe <em>i<\\\/em>.\",\"perma_option\":\"off\",\"action\":\"recommend\",\"language\":\"de_DE\"}},\"txt_help\":\"Wenn Sie diese Felder durch einen Klick aktivieren, werden Informationen an Facebook, Twitter, Flattr, Xing, t3n, LinkedIn, Pinterest oder Google eventuell ins Ausland \\u00fcbertragen und unter Umst\\u00e4nden auch dort gespeichert. N\\u00e4heres erfahren Sie durch einen Klick auf das <em>i<\\\/em>.\",\"settings_perma\":\"Dauerhaft aktivieren und Daten\\u00fcber-tragung zustimmen:\",\"info_link\":\"http:\\\/\\\/www.heise.de\\\/ct\\\/artikel\\\/2-Klicks-fuer-mehr-Datenschutz-1333879.html\",\"uri\":\"http:\\\/\\\/kunstunddesign-maschue.de\\\/cms\\\/?page_id=166\",\"post_id\":166,\"post_title_referrer_track\":\"Impressum\",\"display_infobox\":\"on\"});}});\n\/* ]]> *\/<\/script><\/div>","protected":false},"excerpt":{"rendered":"<p>Betreiber der Webseite: Kunst &amp; Design Manuela Sch\u00fcller Am Heiligen 68 98663 Heldburg OT Rieth Tel.: 03 68 71 &#8211; 3 08 95 info ( at) kunstunddesign \u2013 maschue . (DE) Steuernummer: 170\/272\/02802 Alle Bilder sind Eigentum von Manuela Sch\u00fcller. &hellip; <a href=\"http:\/\/kunstunddesign-maschue.de\/cms\/?page_id=166\">Continue reading <span class=\"meta-nav\">&rarr;<\/span><\/a><\/p>\n","protected":false},"author":1,"featured_media":0,"parent":0,"menu_order":0,"comment_status":"closed","ping_status":"open","template":"","meta":{"footnotes":""},"_links":{"self":[{"href":"http:\/\/kunstunddesign-maschue.de\/cms\/index.php?rest_route=\/wp\/v2\/pages\/166"}],"collection":[{"href":"http:\/\/kunstunddesign-maschue.de\/cms\/index.php?rest_route=\/wp\/v2\/pages"}],"about":[{"href":"http:\/\/kunstunddesign-maschue.de\/cms\/index.php?rest_route=\/wp\/v2\/types\/page"}],"author":[{"embeddable":true,"href":"http:\/\/kunstunddesign-maschue.de\/cms\/index.php?rest_route=\/wp\/v2\/users\/1"}],"replies":[{"embeddable":true,"href":"http:\/\/kunstunddesign-maschue.de\/cms\/index.php?rest_route=%2Fwp%2Fv2%2Fcomments&post=166"}],"version-history":[{"count":13,"href":"http:\/\/kunstunddesign-maschue.de\/cms\/index.php?rest_route=\/wp\/v2\/pages\/166\/revisions"}],"predecessor-version":[{"id":3877,"href":"http:\/\/kunstunddesign-maschue.de\/cms\/index.php?rest_route=\/wp\/v2\/pages\/166\/revisions\/3877"}],"wp:attachment":[{"href":"http:\/\/kunstunddesign-maschue.de\/cms\/index.php?rest_route=%2Fwp%2Fv2%2Fmedia&parent=166"}],"curies":[{"name":"wp","href":"https:\/\/api.w.org\/{rel}","templated":true}]}}